{"id":736,"date":"2020-01-31T15:23:13","date_gmt":"2020-01-31T14:23:13","guid":{"rendered":"http:\/\/www.la-conseillante.com\/mentions-legales\/"},"modified":"2021-03-30T17:47:00","modified_gmt":"2021-03-30T15:47:00","slug":"mentions-legales","status":"publish","type":"page","link":"https:\/\/www.la-conseillante.com\/en\/mentions-legales\/","title":{"rendered":"Legal"},"content":{"rendered":"<h2>Legal<\/h2>\n<h3>1. Presentation of the website<\/h3>\n<p>Pursuant to article 6 of French law n\u00b0 2004-575 of 21st June 2004 for confidence in the digital economy, users of the www.laconseillante.com website are hereby informed of the identity of the different actors intervening in its implementation and follow-up:<\/p>\n<p><strong>Website owner<\/strong>: Ch\u00e2teau La Conseillante \u2013 78196719500012 \u2013 130, Rue de Catusseau 33500 Pomerol<br \/>\n<strong>Website designer<\/strong>: <a href=\"https:\/\/www.studiodada.fr\/\">Studio DADA<\/a><br \/>\n<strong>Website development<\/strong>: <a href=\"https:\/\/www.atelier909.fr\/\">Atelier 909<\/a><br \/>\n<strong>Website publishing manager<\/strong>: Ch\u00e2teau La Conseillante \u2013 chateau@la-conseillante.com<br \/>\nThe website publishing manager is a natural or legal person.<br \/>\n<strong>Webmaster<\/strong>: Ch\u00e2teau La Conseillante \u2013 chateau@la-conseillante.com<br \/>\n<strong>Host<\/strong>: Architecte Web \u2013 Le Pr\u00e9 Catelan Bat F &#8211; 78 all\u00e9e Jean Jaur\u00e8s 31000 Toulouse<\/p>\n<h3>2. General conditions of use of the website and services offered<\/h3>\n<p>The use of the <a href=\"http:\/\/www.laconseillante.com\">www.laconseillante.com<\/a> website implies full and complete acceptance of the general conditions of use described hereafter. These conditions are subject to being modified or completed at any time. The users of the <a href=\"http:\/\/www.laconseillante.com\">www.laconseillante.com<\/a> website are therefore advised to consult them on a regular basis.<\/p>\n<p>This website is normally accessible to users at all times. An interruption for technical maintenance may however be decided by Ch\u00e2teau La Conseillante, who will endeavour to communicate in advance to users the dates and times of the intervention.<\/p>\n<p>The <a href=\"http:\/\/www.laconseillante.com\">www.laconseillante.com<\/a> website is regularly updated by Ch\u00e2teau La Conseillante. Similarly, the legal notices may be amended at any time; they are binding on the user, who is therefore advised to check them as often as possible.<\/p>\n<h3>3. Description of services offered<\/h3>\n<p>The <a href=\"http:\/\/www.laconseillante.com\">www.laconseillante.com<\/a> website aims to provide information concerning the whole range of the company\u2019s activity.<\/p>\n<p>Ch\u00e2teau La Conseillante endeavours to provide on its <a href=\"http:\/\/www.laconseillante.com\">www.laconseillante.com<\/a> website information which is as precise as possible. However, it cannot be held liable for omissions, inaccuracies and deficiencies in its updating, whether of its own doing or that of third parties providing the information concerned.<\/p>\n<p>All information displayed on the <a href=\"http:\/\/www.laconseillante.com\">www.laconseillante.com<\/a> website is given for guidance purposes and is subject to change. Furthermore, the information figuring on the <a href=\"http:\/\/www.laconseillante.com\">www.laconseillante.com<\/a> website is not exhaustive. It is given subject to any amendments that may have been introduced since it was put online.<\/p>\n<h3>4. Contractual limitations on technical data<\/h3>\n<p>The website uses JavaScript technology.<\/p>\n<p>The website cannot be held liable for material damages connected with the use of the website. Furthermore, the website user undertakes to access the website using recent material which is free of viruses and with a latest generation, updated browser.<\/p>\n<h3>5. Intellectual property and piracy<\/h3>\n<p>Ch\u00e2teau La Conseillante is the owner of the intellectual property rights or holds the rights of usage concerning all the elements that are accessible on the website, in particular the texts, images, graphics, logo, icons, sounds and software.<\/p>\n<p>Any reproduction, representation, amendment, publication, adaptation of this website, in whole or in part, by any means or process whatsoever, is forbidden without prior written authorisation by Ch\u00e2teau La Conseillante.<\/p>\n<p>Any non-authorised use of the website or any of the elements whatsoever that it contains will be considered as constituting piracy and prosecuted according to the provisions of articles L.335-2 and following of the Intellectual Property Code.<\/p>\n<h3>6. Limitations of liability<\/h3>\n<p>Ch\u00e2teau La Conseillante cannot be held liable for damages caused either directly or indirectly to the user\u2019s material during his or her accessing the <a href=\"http:\/\/www.laconseillante.com\">www.laconseillante.com<\/a> website, and resulting either from the using of a material that doesn\u2019t comply with the specifications indicated in point no. 4, or because of the appearance of a bug or an incompatibility.<\/p>\n<p>Ch\u00e2teau La Conseillante cannot be held liable for the indirect damages (such as for example the loss of a sales market or the missing of a sales opportunity) following the using of the <a href=\"http:\/\/www.laconseillante.com\">www.laconseillante.com<\/a> website.<\/p>\n<p>Interactive spaces (the chance to ask questions in the contact space) are at the users\u2019 disposal. Ch\u00e2teau La Conseillante reserves the right to delete, without giving prior notice, any content placed in this space that contravenes the legislation applicable in France, in particular the provisions relating to the protection of data. As the case may be, Ch\u00e2teau La Conseillante also reserves the possibility of implicating the user\u2019s civil and\/or criminal liability, particularly in the case of a message of racist, offensive, defamatory or pornographic character, whatever the medium used (text, photograph etc.).<\/p>\n<h3>7. Management of personal data<\/h3>\n<p>In France, personal data is particularly protected by French law n\u00b0 78-87 of 6th January 1978, law n\u00b0 2004-801 of 6th August 2004, article L. 226-13 of the Penal Code and European Directive of 24th October 1995.<\/p>\n<p>While the<a href=\"http:\/\/www.laconseillante.com\"> www.laconseillante.com<\/a> website is being used, the following may be collected: the URL of the links through which the user has accessed the <a href=\"http:\/\/www.laconseillante.com\">www.laconseillante.com<\/a> website, the user\u2019s internet access provider, and the Internet Protocol Address (IP).<\/p>\n<p>At all events, Ch\u00e2teau La Conseillante only collects personal information relating to the user for the needs of certain services offered by the <a href=\"http:\/\/www.laconseillante.com\">www.laconseillante.com<\/a> website. The user supplies this information in full knowledge, particularly when he or she enters this information himself or herself. The user of the <a href=\"http:\/\/www.laconseillante.com\">www.laconseillante.com<\/a> website is then advised of the obligation or not of supplying this information.<\/p>\n<p>In accordance with the provisions of articles 38 and following of the French law 78-17 of 6th January 1978 relating to computer data, files and freedoms, each user is entitled to access, amend, rectify and delete personal data relating to them, by issuing a written and signed request, accompanied by a copy of their identity document with the signature of the holder of the document, specifying the<br \/>\naddress to which the reply should be sent.<\/p>\n<p>No personal information about the user of the <a href=\"http:\/\/www.laconseillante.com\">www.laconseillante.com<\/a> website is published without the knowledge of the user, nor exchanged, forwarded, yielded or sold on any medium whatsoever to third parties. Only the purchasing of Ch\u00e2teau La Conseillante and its rights would allow the transmission of said information to the possible purchaser, who in turn would be bound by the same obligation to retain and modify the data vis-\u00e0-vis the user of the <a href=\"http:\/\/www.laconseillante.com\">www.laconseillante.com<\/a> website.<\/p>\n<p>The databases are protected by the provisions of French law of 1st July 1998 implementing directive 96\/9 of 11th March 1996 relating to the legal protection of databases.<\/p>\n<h3>8. Hypertext links and cookies<\/h3>\n<p>The <a href=\"http:\/\/www.laconseillante.com\">www.laconseillante.com<\/a> website contains a certain number of hypertext links towards other websites, set up with the authorisation of Ch\u00e2teau La Conseillante. However, Ch\u00e2teau La Conseillante does not have the possibility of verifying the content of the websites thus visited, and as a consequence will not assume any liability for this fact.<\/p>\n<p>Browsing on the <a href=\"http:\/\/www.laconseillante.com\">www.laconseillante.com<\/a> website is subject to the installation of cookies on the user\u2019s computer. A cookie is a small-sized file which doesn\u2019t allow the identification of the user, but records information relating to a computer\u2019s browsing on a website. The purpose of the data obtained in this way aims to facilitate subsequent browsing on the website and also enable various measures of visit frequency.<\/p>\n<p>Refusing to allow cookies to be installed may lead to the impossibility of accessing certain services. The user can however configure his or her computer in the following way in order to refuse cookie installation:<\/p>\n<p>If using Internet Explorer, click on tools (cog wheel icon at the top on the right)\/internet options. Click on Privacy Setting and choose \u201cBlock all cookies\u201d. Click OK to validate.<\/p>\n<p>If using Firefox, above the Browse window, click on Firefox, then go into Options. Click on Privacy &amp; Security. Manage the Storage settings then Use Custom settings for History. Finally deselect it in order to deactivate cookies.<\/p>\n<p>If using Safari, click at the top on the right of the browser on the icon menu (represented by a cog wheel). Select Parameters. Click on Display Advanced Parameters. In the Privacy section, click on Content Parameters. In the Cookies section, you are able to block the cookies.<\/p>\n<p>If using Chrome, click at the top on the right of the browser in the icon menu (represented by three horizontal lines). Select Parameters. Click on Display Advanced Parameters. In the Privacy section, click on Content Preferences, then on Privacy, and then you are able to block the cookies.<\/p>\n<h3>9. Applicable law and attribution of jurisdiction<\/h3>\n<p>Any litigation relating to the <a href=\"http:\/\/www.laconseillante.com\">www.laconseillante.com<\/a> website is subject to French law. Jurisdiction is exclusively attributed to the relevant courts of Paris.<\/p>\n<h3>10. The major relevant laws<\/h3>\n<p>Law n\u00b0 78-17 of 6th January 1978, in particular amended by law n\u00b0 2004-801 of 6th August 2004 relating to computer data, files and freedoms.<\/p>\n<p>Law n\u00b0 2004-575 of 21st June 2004 for confidence in the digital economy.<\/p>\n<h3>11. Lexical<\/h3>\n<p>User= Internet user, connecting to the Internet and using the above-mentioned website.<\/p>\n<p>Personal information= \u201cinformation which allows, in any way whatsoever, directly or not, the identification of individual persons to which it applies\u201d (article 4 of French law n\u00b0 78-17 of 6th January 1978).<\/p>\n","protected":false},"excerpt":{"rendered":"<p>Legal 1. Presentation of the website Pursuant to article 6 of French law n\u00b0 2004-575 of 21st June 2004 for confidence in the digital economy, users of the www.laconseillante.com website are hereby informed of the identity of the different actors intervening in its implementation and follow-up: Website owner: Ch\u00e2teau La Conseillante \u2013 78196719500012 \u2013 130, [&hellip;]<\/p>\n","protected":false},"author":1,"featured_media":0,"parent":0,"menu_order":0,"comment_status":"closed","ping_status":"closed","template":"tplt-content.php","meta":{"_acf_changed":false,"footnotes":""},"class_list":["post-736","page","type-page","status-publish","hentry"],"acf":[],"yoast_head":"<!-- This site is optimized with the Yoast SEO plugin v26.8 - https:\/\/yoast.com\/product\/yoast-seo-wordpress\/ -->\n<title>Legal - La Conseillante<\/title>\n<meta name=\"robots\" content=\"index, follow, max-snippet:-1, max-image-preview:large, max-video-preview:-1\" \/>\n<link rel=\"canonical\" href=\"https:\/\/www.la-conseillante.com\/mentions-legales\/\" \/>\n<meta property=\"og:locale\" content=\"en_US\" \/>\n<meta property=\"og:type\" content=\"article\" \/>\n<meta property=\"og:title\" content=\"Legal - La Conseillante\" \/>\n<meta property=\"og:description\" content=\"Legal 1. Presentation of the website Pursuant to article 6 of French law n\u00b0 2004-575 of 21st June 2004 for confidence in the digital economy, users of the www.laconseillante.com website are hereby informed of the identity of the different actors intervening in its implementation and follow-up: Website owner: Ch\u00e2teau La Conseillante \u2013 78196719500012 \u2013 130, [&hellip;]\" \/>\n<meta property=\"og:url\" content=\"https:\/\/www.la-conseillante.com\/mentions-legales\/\" \/>\n<meta property=\"og:site_name\" content=\"La Conseillante\" \/>\n<meta property=\"article:modified_time\" content=\"2021-03-30T15:47:00+00:00\" \/>\n<meta name=\"twitter:card\" content=\"summary_large_image\" \/>\n<meta name=\"twitter:label1\" content=\"Est. reading time\" \/>\n\t<meta name=\"twitter:data1\" content=\"7 minutes\" \/>\n<script type=\"application\/ld+json\" class=\"yoast-schema-graph\">{\"@context\":\"https:\/\/schema.org\",\"@graph\":[{\"@type\":\"WebPage\",\"@id\":\"https:\/\/www.la-conseillante.com\/mentions-legales\/\",\"url\":\"https:\/\/www.la-conseillante.com\/mentions-legales\/\",\"name\":\"Legal - La Conseillante\",\"isPartOf\":{\"@id\":\"https:\/\/www.la-conseillante.com\/#website\"},\"datePublished\":\"2020-01-31T14:23:13+00:00\",\"dateModified\":\"2021-03-30T15:47:00+00:00\",\"breadcrumb\":{\"@id\":\"https:\/\/www.la-conseillante.com\/mentions-legales\/#breadcrumb\"},\"inLanguage\":\"en-US\",\"potentialAction\":[{\"@type\":\"ReadAction\",\"target\":[\"https:\/\/www.la-conseillante.com\/mentions-legales\/\"]}]},{\"@type\":\"BreadcrumbList\",\"@id\":\"https:\/\/www.la-conseillante.com\/mentions-legales\/#breadcrumb\",\"itemListElement\":[{\"@type\":\"ListItem\",\"position\":1,\"name\":\"Accueil\",\"item\":\"https:\/\/www.la-conseillante.com\/en\/\"},{\"@type\":\"ListItem\",\"position\":2,\"name\":\"Legal\"}]},{\"@type\":\"WebSite\",\"@id\":\"https:\/\/www.la-conseillante.com\/#website\",\"url\":\"https:\/\/www.la-conseillante.com\/\",\"name\":\"La Conseillante\",\"description\":\"Pomerol\",\"potentialAction\":[{\"@type\":\"SearchAction\",\"target\":{\"@type\":\"EntryPoint\",\"urlTemplate\":\"https:\/\/www.la-conseillante.com\/?s={search_term_string}\"},\"query-input\":{\"@type\":\"PropertyValueSpecification\",\"valueRequired\":true,\"valueName\":\"search_term_string\"}}],\"inLanguage\":\"en-US\"}]}<\/script>\n<!-- \/ Yoast SEO plugin. -->","yoast_head_json":{"title":"Legal - La Conseillante","robots":{"index":"index","follow":"follow","max-snippet":"max-snippet:-1","max-image-preview":"max-image-preview:large","max-video-preview":"max-video-preview:-1"},"canonical":"https:\/\/www.la-conseillante.com\/mentions-legales\/","og_locale":"en_US","og_type":"article","og_title":"Legal - La Conseillante","og_description":"Legal 1. Presentation of the website Pursuant to article 6 of French law n\u00b0 2004-575 of 21st June 2004 for confidence in the digital economy, users of the www.laconseillante.com website are hereby informed of the identity of the different actors intervening in its implementation and follow-up: Website owner: Ch\u00e2teau La Conseillante \u2013 78196719500012 \u2013 130, [&hellip;]","og_url":"https:\/\/www.la-conseillante.com\/mentions-legales\/","og_site_name":"La Conseillante","article_modified_time":"2021-03-30T15:47:00+00:00","twitter_card":"summary_large_image","twitter_misc":{"Est. reading time":"7 minutes"},"schema":{"@context":"https:\/\/schema.org","@graph":[{"@type":"WebPage","@id":"https:\/\/www.la-conseillante.com\/mentions-legales\/","url":"https:\/\/www.la-conseillante.com\/mentions-legales\/","name":"Legal - La Conseillante","isPartOf":{"@id":"https:\/\/www.la-conseillante.com\/#website"},"datePublished":"2020-01-31T14:23:13+00:00","dateModified":"2021-03-30T15:47:00+00:00","breadcrumb":{"@id":"https:\/\/www.la-conseillante.com\/mentions-legales\/#breadcrumb"},"inLanguage":"en-US","potentialAction":[{"@type":"ReadAction","target":["https:\/\/www.la-conseillante.com\/mentions-legales\/"]}]},{"@type":"BreadcrumbList","@id":"https:\/\/www.la-conseillante.com\/mentions-legales\/#breadcrumb","itemListElement":[{"@type":"ListItem","position":1,"name":"Accueil","item":"https:\/\/www.la-conseillante.com\/en\/"},{"@type":"ListItem","position":2,"name":"Legal"}]},{"@type":"WebSite","@id":"https:\/\/www.la-conseillante.com\/#website","url":"https:\/\/www.la-conseillante.com\/","name":"La Conseillante","description":"Pomerol","potentialAction":[{"@type":"SearchAction","target":{"@type":"EntryPoint","urlTemplate":"https:\/\/www.la-conseillante.com\/?s={search_term_string}"},"query-input":{"@type":"PropertyValueSpecification","valueRequired":true,"valueName":"search_term_string"}}],"inLanguage":"en-US"}]}},"_links":{"self":[{"href":"https:\/\/www.la-conseillante.com\/en\/wp-json\/wp\/v2\/pages\/736","targetHints":{"allow":["GET"]}}],"collection":[{"href":"https:\/\/www.la-conseillante.com\/en\/wp-json\/wp\/v2\/pages"}],"about":[{"href":"https:\/\/www.la-conseillante.com\/en\/wp-json\/wp\/v2\/types\/page"}],"author":[{"embeddable":true,"href":"https:\/\/www.la-conseillante.com\/en\/wp-json\/wp\/v2\/users\/1"}],"replies":[{"embeddable":true,"href":"https:\/\/www.la-conseillante.com\/en\/wp-json\/wp\/v2\/comments?post=736"}],"version-history":[{"count":5,"href":"https:\/\/www.la-conseillante.com\/en\/wp-json\/wp\/v2\/pages\/736\/revisions"}],"predecessor-version":[{"id":741,"href":"https:\/\/www.la-conseillante.com\/en\/wp-json\/wp\/v2\/pages\/736\/revisions\/741"}],"wp:attachment":[{"href":"https:\/\/www.la-conseillante.com\/en\/wp-json\/wp\/v2\/media?parent=736"}],"curies":[{"name":"wp","href":"https:\/\/api.w.org\/{rel}","templated":true}]}}