{"id":710,"date":"2020-01-31T15:31:01","date_gmt":"2020-01-31T14:31:01","guid":{"rendered":"http:\/\/www.la-conseillante.com\/le-domaine-de-la-conseillante\/"},"modified":"2021-09-10T15:25:24","modified_gmt":"2021-09-10T13:25:24","slug":"le-domaine-de-la-conseillante","status":"publish","type":"page","link":"https:\/\/www.la-conseillante.com\/en\/le-domaine-de-la-conseillante\/","title":{"rendered":"The vineyard"},"content":{"rendered":"<div class=\"page\" title=\"Page 2\">\n<div class=\"layoutArea\">\n<div class=\"column\">\n<p>Avec une attention toute particuli\u00e8re, <br \/>\nc\u2019est une viticulture respectueuse et engag\u00e9e<br \/>\nqui est men\u00e9e \u00e0 La Conseillante.<br \/>\nCet engagement n\u2019est autre que le prolongement <br \/>\ndes orientations prises par les g\u00e9n\u00e9rations pr\u00e9c\u00e9dentes<\/p>\n<\/div>\n<\/div>\n<\/div>\n","protected":false},"excerpt":{"rendered":"<p>Avec une attention toute particuli\u00e8re, c\u2019est une viticulture respectueuse et engag\u00e9e qui est men\u00e9e \u00e0 La Conseillante. Cet engagement n\u2019est autre que le prolongement des orientations prises par les g\u00e9n\u00e9rations pr\u00e9c\u00e9dentes<\/p>\n","protected":false},"author":1,"featured_media":0,"parent":0,"menu_order":0,"comment_status":"closed","ping_status":"closed","template":"tplt-domaine.php","meta":{"_acf_changed":false,"footnotes":""},"class_list":["post-710","page","type-page","status-publish","hentry"],"acf":[],"yoast_head":"<!-- This site is optimized with the Yoast SEO plugin v26.8 - https:\/\/yoast.com\/product\/yoast-seo-wordpress\/ -->\n<title>The vineyard - La Conseillante<\/title>\n<meta name=\"robots\" content=\"index, follow, max-snippet:-1, max-image-preview:large, max-video-preview:-1\" \/>\n<link rel=\"canonical\" href=\"https:\/\/www.la-conseillante.com\/le-domaine-de-la-conseillante\/\" \/>\n<meta property=\"og:locale\" content=\"en_US\" \/>\n<meta property=\"og:type\" content=\"article\" \/>\n<meta property=\"og:title\" content=\"The vineyard - La Conseillante\" \/>\n<meta property=\"og:description\" content=\"Avec une attention toute particuli\u00e8re, c\u2019est une viticulture respectueuse et engag\u00e9e qui est men\u00e9e \u00e0 La Conseillante. Cet engagement n\u2019est autre que le prolongement des orientations prises par les g\u00e9n\u00e9rations pr\u00e9c\u00e9dentes\" \/>\n<meta property=\"og:url\" content=\"https:\/\/www.la-conseillante.com\/le-domaine-de-la-conseillante\/\" \/>\n<meta property=\"og:site_name\" content=\"La Conseillante\" \/>\n<meta property=\"article:modified_time\" content=\"2021-09-10T13:25:24+00:00\" \/>\n<meta name=\"twitter:card\" content=\"summary_large_image\" \/>\n<script type=\"application\/ld+json\" class=\"yoast-schema-graph\">{\"@context\":\"https:\/\/schema.org\",\"@graph\":[{\"@type\":\"WebPage\",\"@id\":\"https:\/\/www.la-conseillante.com\/le-domaine-de-la-conseillante\/\",\"url\":\"https:\/\/www.la-conseillante.com\/le-domaine-de-la-conseillante\/\",\"name\":\"The vineyard - La Conseillante\",\"isPartOf\":{\"@id\":\"https:\/\/www.la-conseillante.com\/#website\"},\"datePublished\":\"2020-01-31T14:31:01+00:00\",\"dateModified\":\"2021-09-10T13:25:24+00:00\",\"breadcrumb\":{\"@id\":\"https:\/\/www.la-conseillante.com\/le-domaine-de-la-conseillante\/#breadcrumb\"},\"inLanguage\":\"en-US\",\"potentialAction\":[{\"@type\":\"ReadAction\",\"target\":[\"https:\/\/www.la-conseillante.com\/le-domaine-de-la-conseillante\/\"]}]},{\"@type\":\"BreadcrumbList\",\"@id\":\"https:\/\/www.la-conseillante.com\/le-domaine-de-la-conseillante\/#breadcrumb\",\"itemListElement\":[{\"@type\":\"ListItem\",\"position\":1,\"name\":\"Accueil\",\"item\":\"https:\/\/www.la-conseillante.com\/en\/\"},{\"@type\":\"ListItem\",\"position\":2,\"name\":\"The vineyard\"}]},{\"@type\":\"WebSite\",\"@id\":\"https:\/\/www.la-conseillante.com\/#website\",\"url\":\"https:\/\/www.la-conseillante.com\/\",\"name\":\"La Conseillante\",\"description\":\"Pomerol\",\"potentialAction\":[{\"@type\":\"SearchAction\",\"target\":{\"@type\":\"EntryPoint\",\"urlTemplate\":\"https:\/\/www.la-conseillante.com\/?s={search_term_string}\"},\"query-input\":{\"@type\":\"PropertyValueSpecification\",\"valueRequired\":true,\"valueName\":\"search_term_string\"}}],\"inLanguage\":\"en-US\"}]}<\/script>\n<!-- \/ Yoast SEO plugin. -->","yoast_head_json":{"title":"The vineyard - La Conseillante","robots":{"index":"index","follow":"follow","max-snippet":"max-snippet:-1","max-image-preview":"max-image-preview:large","max-video-preview":"max-video-preview:-1"},"canonical":"https:\/\/www.la-conseillante.com\/le-domaine-de-la-conseillante\/","og_locale":"en_US","og_type":"article","og_title":"The vineyard - La Conseillante","og_description":"Avec une attention toute particuli\u00e8re, c\u2019est une viticulture respectueuse et engag\u00e9e qui est men\u00e9e \u00e0 La Conseillante. Cet engagement n\u2019est autre que le prolongement des orientations prises par les g\u00e9n\u00e9rations pr\u00e9c\u00e9dentes","og_url":"https:\/\/www.la-conseillante.com\/le-domaine-de-la-conseillante\/","og_site_name":"La Conseillante","article_modified_time":"2021-09-10T13:25:24+00:00","twitter_card":"summary_large_image","schema":{"@context":"https:\/\/schema.org","@graph":[{"@type":"WebPage","@id":"https:\/\/www.la-conseillante.com\/le-domaine-de-la-conseillante\/","url":"https:\/\/www.la-conseillante.com\/le-domaine-de-la-conseillante\/","name":"The vineyard - La Conseillante","isPartOf":{"@id":"https:\/\/www.la-conseillante.com\/#website"},"datePublished":"2020-01-31T14:31:01+00:00","dateModified":"2021-09-10T13:25:24+00:00","breadcrumb":{"@id":"https:\/\/www.la-conseillante.com\/le-domaine-de-la-conseillante\/#breadcrumb"},"inLanguage":"en-US","potentialAction":[{"@type":"ReadAction","target":["https:\/\/www.la-conseillante.com\/le-domaine-de-la-conseillante\/"]}]},{"@type":"BreadcrumbList","@id":"https:\/\/www.la-conseillante.com\/le-domaine-de-la-conseillante\/#breadcrumb","itemListElement":[{"@type":"ListItem","position":1,"name":"Accueil","item":"https:\/\/www.la-conseillante.com\/en\/"},{"@type":"ListItem","position":2,"name":"The vineyard"}]},{"@type":"WebSite","@id":"https:\/\/www.la-conseillante.com\/#website","url":"https:\/\/www.la-conseillante.com\/","name":"La Conseillante","description":"Pomerol","potentialAction":[{"@type":"SearchAction","target":{"@type":"EntryPoint","urlTemplate":"https:\/\/www.la-conseillante.com\/?s={search_term_string}"},"query-input":{"@type":"PropertyValueSpecification","valueRequired":true,"valueName":"search_term_string"}}],"inLanguage":"en-US"}]}},"_links":{"self":[{"href":"https:\/\/www.la-conseillante.com\/en\/wp-json\/wp\/v2\/pages\/710","targetHints":{"allow":["GET"]}}],"collection":[{"href":"https:\/\/www.la-conseillante.com\/en\/wp-json\/wp\/v2\/pages"}],"about":[{"href":"https:\/\/www.la-conseillante.com\/en\/wp-json\/wp\/v2\/types\/page"}],"author":[{"embeddable":true,"href":"https:\/\/www.la-conseillante.com\/en\/wp-json\/wp\/v2\/users\/1"}],"replies":[{"embeddable":true,"href":"https:\/\/www.la-conseillante.com\/en\/wp-json\/wp\/v2\/comments?post=710"}],"version-history":[{"count":6,"href":"https:\/\/www.la-conseillante.com\/en\/wp-json\/wp\/v2\/pages\/710\/revisions"}],"predecessor-version":[{"id":901,"href":"https:\/\/www.la-conseillante.com\/en\/wp-json\/wp\/v2\/pages\/710\/revisions\/901"}],"wp:attachment":[{"href":"https:\/\/www.la-conseillante.com\/en\/wp-json\/wp\/v2\/media?parent=710"}],"curies":[{"name":"wp","href":"https:\/\/api.w.org\/{rel}","templated":true}]}}